{"id":198,"date":"2020-04-01T10:38:51","date_gmt":"2020-04-01T10:38:51","guid":{"rendered":"http:\/\/www.ratisbonne.org.il\/fr\/?page_id=198"},"modified":"2020-07-29T19:07:02","modified_gmt":"2020-07-29T19:07:02","slug":"cours","status":"publish","type":"page","link":"https:\/\/www.ratisbonne.org.il\/fr\/cours\/","title":{"rendered":"Cours"},"content":{"rendered":"<div data-colibri-id=\"198-c1\" class=\"style-364 style-local-198-c1 position-relative\">\n  <!---->\n  <div data-colibri-component=\"section\" data-colibri-id=\"198-c2\" id=\"photo-gallery\" class=\"h-section h-section-global-spacing d-flex align-items-lg-center align-items-md-center align-items-center style-387 style-local-198-c2 position-relative\">\n    <!---->\n    <!---->\n    <div class=\"h-section-grid-container h-section-boxed-container\">\n      <!---->\n      <div data-colibri-id=\"198-c3\" class=\"h-row-container gutters-row-lg-1 gutters-row-md-1 gutters-row-2 gutters-row-v-lg-1 gutters-row-v-md-1 gutters-row-v-2 style-388 style-local-198-c3 position-relative\">\n        <!---->\n        <div class=\"h-row justify-content-lg-center justify-content-md-center justify-content-center align-items-lg-stretch align-items-md-stretch align-items-stretch gutters-col-lg-1 gutters-col-md-1 gutters-col-2 gutters-col-v-lg-1 gutters-col-v-md-1 gutters-col-v-2\">\n          <!---->\n          <div class=\"h-column h-column-container d-flex h-col-lg-auto h-col-md-auto h-col-auto style-389-outer style-local-198-c4-outer\">\n            <div data-colibri-id=\"198-c4\" class=\"d-flex h-flex-basis h-column__inner h-px-lg-2 h-px-md-2 h-px-2 v-inner-lg-2 v-inner-md-2 v-inner-2 style-389 style-local-198-c4 position-relative\">\n              <!---->\n              <!---->\n              <div class=\"w-100 h-y-container h-column__content h-column__v-align flex-basis-100 align-self-lg-center align-self-md-center align-self-center\">\n                <!---->\n                <div data-colibri-id=\"198-c5\" class=\"h-global-transition-all h-heading style-390 style-local-198-c5 position-relative h-element\">\n                  <!---->\n                  <!---->\n                  <h2 class=\"\">Programmes d&#8217;\u00c9tudes<\/h2>\n                <\/div>\n                <div data-colibri-id=\"198-c6\" class=\"h-lead h-text h-text-component style-391 style-local-198-c6 position-relative h-element\">\n                  <!---->\n                  <!---->\n                  <div class=\"\">\n                    <p>Chers amis, imm\u00e9diatement apr\u00e8s la fin de la crise du Covid 19, nous lancerons des programmes d&#8217;\u00e9tudes et d&#8217;autres activit\u00e9s qui seront accessibles \u00e0 toutes les personnes int\u00e9ress\u00e9es. Nous souhaitons \u00e0 tous bonne sant\u00e9 et que des jours\n                      meilleurs pour toute l&#8217;humanit\u00e9 arrivent le plus t\u00f4t possible.<\/p>\n                  <\/div>\n                <\/div>\n              <\/div>\n            <\/div>\n          <\/div>\n        <\/div>\n      <\/div>\n    <\/div>\n  <\/div>\n  <div data-colibri-component=\"section\" data-colibri-id=\"198-c11\" id=\"custom\" class=\"h-section h-section-global-spacing d-flex align-items-lg-center align-items-md-center align-items-center style-398 style-local-198-c11 position-relative\">\n    <!---->\n    <!---->\n    <div class=\"h-section-grid-container h-section-boxed-container\">\n      <!---->\n      <div data-colibri-id=\"198-c12\" class=\"h-row-container gutters-row-lg-2 gutters-row-md-2 gutters-row-0 gutters-row-v-lg-2 gutters-row-v-md-2 gutters-row-v-2 style-399 style-local-198-c12 position-relative\">\n        <!---->\n        <div class=\"h-row justify-content-lg-center justify-content-md-center justify-content-center align-items-lg-stretch align-items-md-stretch align-items-stretch gutters-col-lg-2 gutters-col-md-2 gutters-col-0 gutters-col-v-lg-2 gutters-col-v-md-2 gutters-col-v-2\">\n          <!---->\n          <div class=\"h-column h-column-container d-flex h-col-lg-auto h-col-md-auto h-col-auto style-400-outer style-local-198-c13-outer\">\n            <div data-colibri-id=\"198-c13\" class=\"d-flex h-flex-basis h-column__inner h-ui-empty-state-container h-px-lg-2 h-px-md-2 h-px-2 v-inner-lg-2 v-inner-md-2 v-inner-2 style-400 style-local-198-c13 position-relative\">\n              <!---->\n              <!---->\n              <div class=\"w-100 h-y-container h-column__content h-column__v-align flex-basis-100\">\n                <!---->\n              <\/div>\n            <\/div>\n          <\/div>\n        <\/div>\n      <\/div>\n    <\/div>\n  <\/div>\n<\/div>","protected":false},"excerpt":{"rendered":"<p>Programmes d&#8217;\u00c9tudes Chers amis, imm\u00e9diatement apr\u00e8s la fin de la crise du Covid 19, nous lancerons des programmes d&#8217;\u00e9tudes et d&#8217;autres activit\u00e9s qui seront accessibles \u00e0 toutes les personnes int\u00e9ress\u00e9es. Nous souhaitons \u00e0 tous bonne sant\u00e9 et que des jours meilleurs pour toute l&#8217;humanit\u00e9 arrivent le plus t\u00f4t possible.<\/p>\n","protected":false},"author":31,"featured_media":0,"parent":0,"menu_order":0,"comment_status":"closed","ping_status":"closed","template":"page-templates\/full-width-page.php","meta":{"ghostkit_customizer_options":"","ghostkit_custom_css":"","ghostkit_custom_js_head":"","ghostkit_custom_js_foot":"","ghostkit_typography":"","_coblocks_attr":"","_coblocks_dimensions":"","_coblocks_responsive_height":"","_coblocks_accordion_ie_support":""},"_links":{"self":[{"href":"https:\/\/www.ratisbonne.org.il\/fr\/wp-json\/wp\/v2\/pages\/198"}],"collection":[{"href":"https:\/\/www.ratisbonne.org.il\/fr\/wp-json\/wp\/v2\/pages"}],"about":[{"href":"https:\/\/www.ratisbonne.org.il\/fr\/wp-json\/wp\/v2\/types\/page"}],"author":[{"embeddable":true,"href":"https:\/\/www.ratisbonne.org.il\/fr\/wp-json\/wp\/v2\/users\/31"}],"replies":[{"embeddable":true,"href":"https:\/\/www.ratisbonne.org.il\/fr\/wp-json\/wp\/v2\/comments?post=198"}],"version-history":[{"count":4,"href":"https:\/\/www.ratisbonne.org.il\/fr\/wp-json\/wp\/v2\/pages\/198\/revisions"}],"predecessor-version":[{"id":360,"href":"https:\/\/www.ratisbonne.org.il\/fr\/wp-json\/wp\/v2\/pages\/198\/revisions\/360"}],"wp:attachment":[{"href":"https:\/\/www.ratisbonne.org.il\/fr\/wp-json\/wp\/v2\/media?parent=198"}],"curies":[{"name":"wp","href":"https:\/\/api.w.org\/{rel}","templated":true}]}}