{"id":49,"date":"2020-03-22T11:17:26","date_gmt":"2020-03-22T11:17:26","guid":{"rendered":"http:\/\/www.ratisbonne.org.il\/es\/colibri-wp\/"},"modified":"2022-08-11T12:47:06","modified_gmt":"2022-08-11T12:47:06","slug":"colibri-wp","status":"publish","type":"page","link":"https:\/\/www.ratisbonne.org.il\/es\/","title":{"rendered":"Front Page"},"content":{"rendered":"<div class=\"style-174 style-local-49-c1 position-relative\" data-colibri-id=\"49-c1\">\n<div id=\"about\" class=\"h-section h-section-global-spacing d-flex align-items-lg-center align-items-md-center align-items-center style-377 style-local-49-c19 position-relative\" data-colibri-component=\"section\" data-colibri-id=\"49-c19\">\n<div class=\"h-section-grid-container h-section-boxed-container\">\n<div class=\"h-row-container gutters-row-lg-0 gutters-row-md-0 gutters-row-0 gutters-row-v-lg-0 gutters-row-v-md-0 gutters-row-v-0 style-378 style-local-49-c20 position-relative\" data-colibri-id=\"49-c20\">\n<div class=\"h-row justify-content-lg-center justify-content-md-center justify-content-center align-items-lg-stretch align-items-md-stretch align-items-stretch gutters-col-lg-0 gutters-col-md-0 gutters-col-0 gutters-col-v-lg-0 gutters-col-v-md-0 gutters-col-v-0\">\n<div class=\"h-column h-column-container d-flex h-col-lg-auto h-col-md-auto h-col-auto style-379-outer style-local-49-c21-outer\">\n<div class=\"d-flex h-flex-basis h-column__inner h-px-lg-0 h-px-md-0 h-px-0 v-inner-lg-0 v-inner-md-0 v-inner-0 style-379 style-local-49-c21 position-relative\" data-colibri-id=\"49-c21\">\n<div class=\"w-100 h-y-container h-column__content h-column__v-align flex-basis-100 align-self-lg-start align-self-md-start align-self-start\">\n<div class=\"h-global-transition-all h-heading style-381 style-local-49-c23 position-relative h-element\" data-colibri-id=\"49-c23\">\n<p>Saint-Pierre de Sion &#8211; Ratisbonne<\/p>\n<p><strong>Bat Kol-Christian Center for Jewish Studies<\/strong><\/p>\n<p><strong>Religious of Our Lady of Sion<\/strong><\/p>\n<p><strong>Jerusalem &#8211; Israel<\/strong><\/p>\n<\/div>\n<div class=\"h-text h-text-component style-382 style-local-49-c24 position-relative h-element\" data-colibri-id=\"49-c24\">\n<div class=\"\">\n<p>El Instituto tiene por objeto aplicar las recomendaciones y elaborar la Declaraci\u00f3n Nostra Aetate sobre la relaci\u00f3n entre la Iglesia y el pueblo jud\u00edo. Esta actividad de estudio y experiencia de la Iglesia en contacto con el pueblo<br \/>jud\u00edo en su propia tierra nos permite tener un nuevo enfoque de ciertas cuestiones teol\u00f3gicas y nos ayuda a comprender mejor a Jes\u00fas, el Nuevo Testamento y la Iglesia.<\/p>\n<\/div>\n<\/div>\n<\/div>\n<\/div>\n<\/div>\n<div class=\"h-column h-column-container d-flex h-col-lg-auto h-col-md-auto h-col-auto style-383-outer style-local-49-c25-outer\">\n<div class=\"d-flex h-flex-basis h-column__inner h-ui-empty-state-container h-px-lg-2 h-px-md-2 h-px-2 v-inner-lg-2 v-inner-md-2 v-inner-2 colibri-featured-img-bg style-383 style-local-49-c25 position-relative\" data-colibri-id=\"49-c25\">\n<div class=\"w-100 h-y-container h-column__content h-column__v-align flex-basis-100\">\u00a0<\/div>\n<\/div>\n<\/div>\n<\/div>\n<\/div>\n<\/div>\n<\/div>\n<\/div>\n\n\n<p><\/p>\n","protected":false},"excerpt":{"rendered":"<p>Saint-Pierre de Sion &#8211; Ratisbonne Bat Kol-Christian Center for Jewish Studies Religious of Our Lady of Sion Jerusalem &#8211; Israel El Instituto tiene por objeto aplicar las recomendaciones y elaborar la Declaraci\u00f3n Nostra Aetate sobre la relaci\u00f3n entre la Iglesia y el pueblo jud\u00edo. Esta actividad de estudio y experiencia de la Iglesia en contacto [&hellip;]<\/p>\n","protected":false},"author":1,"featured_media":0,"parent":0,"menu_order":0,"comment_status":"closed","ping_status":"closed","template":"page-templates\/homepage.php","meta":{"ghostkit_customizer_options":"","ghostkit_custom_css":"","ghostkit_custom_js_head":"","ghostkit_custom_js_foot":"","ghostkit_typography":"","_coblocks_attr":"","_coblocks_dimensions":"","_coblocks_responsive_height":"","_coblocks_accordion_ie_support":""},"_links":{"self":[{"href":"https:\/\/www.ratisbonne.org.il\/es\/wp-json\/wp\/v2\/pages\/49"}],"collection":[{"href":"https:\/\/www.ratisbonne.org.il\/es\/wp-json\/wp\/v2\/pages"}],"about":[{"href":"https:\/\/www.ratisbonne.org.il\/es\/wp-json\/wp\/v2\/types\/page"}],"author":[{"embeddable":true,"href":"https:\/\/www.ratisbonne.org.il\/es\/wp-json\/wp\/v2\/users\/1"}],"replies":[{"embeddable":true,"href":"https:\/\/www.ratisbonne.org.il\/es\/wp-json\/wp\/v2\/comments?post=49"}],"version-history":[{"count":18,"href":"https:\/\/www.ratisbonne.org.il\/es\/wp-json\/wp\/v2\/pages\/49\/revisions"}],"predecessor-version":[{"id":366,"href":"https:\/\/www.ratisbonne.org.il\/es\/wp-json\/wp\/v2\/pages\/49\/revisions\/366"}],"wp:attachment":[{"href":"https:\/\/www.ratisbonne.org.il\/es\/wp-json\/wp\/v2\/media?parent=49"}],"curies":[{"name":"wp","href":"https:\/\/api.w.org\/{rel}","templated":true}]}}