{"id":281,"date":"2020-04-03T15:41:44","date_gmt":"2020-04-03T15:41:44","guid":{"rendered":"http:\/\/www.ratisbonne.org.il\/es\/?page_id=281"},"modified":"2020-04-03T15:41:45","modified_gmt":"2020-04-03T15:41:45","slug":"dialogo-judeo-cristiano","status":"publish","type":"page","link":"https:\/\/www.ratisbonne.org.il\/es\/recursos\/dialogo-judeo-cristiano\/","title":{"rendered":"Dialogo Judeo-cristiano"},"content":{"rendered":"<p><a href=\"https:\/\/www.ratisbonne.org.il\/es\/recursos\/que-significa-decir-que-jesus-es-judio\/\">\u00bfQu\u00e9 significa decir que Jes\u00fas es jud\u00edo?<\/a><\/p>\n<p><a href=\"https:\/\/www.ratisbonne.org.il\/es\/recursos\/relaciones-catolicas-y-judias\/\">Relaciones entre cat\u00f3licos y jud\u00edos<\/a><\/p>\n<p><a href=\"https:\/\/www.ratisbonne.org.il\/es\/recursos\/una-palabra-sobre-el-judaismo\/\">Una palabra sobre el juda\u00edsmo<\/a><\/p>\n","protected":false},"excerpt":{"rendered":"<p>\u00bfQu\u00e9 significa decir que Jes\u00fas es jud\u00edo? Relaciones entre cat\u00f3licos y jud\u00edos Una palabra sobre el juda\u00edsmo<\/p>\n","protected":false},"author":6,"featured_media":0,"parent":163,"menu_order":0,"comment_status":"closed","ping_status":"closed","template":"","meta":{"ghostkit_customizer_options":"","ghostkit_custom_css":"","ghostkit_custom_js_head":"","ghostkit_custom_js_foot":"","ghostkit_typography":"","_coblocks_attr":"","_coblocks_dimensions":"","_coblocks_responsive_height":"","_coblocks_accordion_ie_support":""},"_links":{"self":[{"href":"https:\/\/www.ratisbonne.org.il\/es\/wp-json\/wp\/v2\/pages\/281"}],"collection":[{"href":"https:\/\/www.ratisbonne.org.il\/es\/wp-json\/wp\/v2\/pages"}],"about":[{"href":"https:\/\/www.ratisbonne.org.il\/es\/wp-json\/wp\/v2\/types\/page"}],"author":[{"embeddable":true,"href":"https:\/\/www.ratisbonne.org.il\/es\/wp-json\/wp\/v2\/users\/6"}],"replies":[{"embeddable":true,"href":"https:\/\/www.ratisbonne.org.il\/es\/wp-json\/wp\/v2\/comments?post=281"}],"version-history":[{"count":1,"href":"https:\/\/www.ratisbonne.org.il\/es\/wp-json\/wp\/v2\/pages\/281\/revisions"}],"predecessor-version":[{"id":282,"href":"https:\/\/www.ratisbonne.org.il\/es\/wp-json\/wp\/v2\/pages\/281\/revisions\/282"}],"up":[{"embeddable":true,"href":"https:\/\/www.ratisbonne.org.il\/es\/wp-json\/wp\/v2\/pages\/163"}],"wp:attachment":[{"href":"https:\/\/www.ratisbonne.org.il\/es\/wp-json\/wp\/v2\/media?parent=281"}],"curies":[{"name":"wp","href":"https:\/\/api.w.org\/{rel}","templated":true}]}}