{"id":219,"date":"2020-03-28T15:57:40","date_gmt":"2020-03-28T15:57:40","guid":{"rendered":"http:\/\/www.ratisbonne.org.il\/es\/?page_id=219"},"modified":"2020-03-29T08:08:56","modified_gmt":"2020-03-29T08:08:56","slug":"a-quien-se-dirige-el-instituto","status":"publish","type":"page","link":"https:\/\/www.ratisbonne.org.il\/es\/quien-somos\/a-quien-se-dirige-el-instituto\/","title":{"rendered":"\u00bfA qui\u00e9n se dirige el Instituto?"},"content":{"rendered":"<p>La tradici\u00f3n jud\u00eda arroja una luz particular sobre las Escrituras jud\u00edas y cristianas; ella puede renovar nuestro enfoque de ciertos cuestiones teol\u00f3gicos y permitirnos situar mejor a Jes\u00fas y a la Iglesia en su contexto original.<\/p>\n<p>Por lo tanto, el Instituto Saint-Pierre de Sion &#8211; Ratisbonne est\u00e1 abierto a todos los cristianos que deseen estudiar el juda\u00edsmo, en particular aquellos que se dedican a estudios b\u00edblicos y teol\u00f3gicos, los responsables de la educaci\u00f3n cristiana y los que desean prepararse para \u00e9l. di\u00e1logo con los jud\u00edos.<\/p>\n<p>Para todos, el Instituto ofrece una formaci\u00f3n b\u00e1sica en la Tradici\u00f3n jud\u00eda, acompa\u00f1ada de los avances de la reflexi\u00f3n de las ense\u00f1anzas de la Iglesia sobre la importancia de los estudios jud\u00edos para una mejor comprensi\u00f3n de nuestra fe cristiana.<\/p>\n","protected":false},"excerpt":{"rendered":"<p>La tradici\u00f3n jud\u00eda arroja una luz particular sobre las Escrituras jud\u00edas y cristianas; ella puede renovar nuestro enfoque de ciertos cuestiones teol\u00f3gicos y permitirnos situar mejor a Jes\u00fas y a la Iglesia en su contexto original. Por lo tanto, el Instituto Saint-Pierre de Sion &#8211; Ratisbonne est\u00e1 abierto a todos los cristianos que deseen estudiar [&hellip;]<\/p>\n","protected":false},"author":31,"featured_media":0,"parent":161,"menu_order":0,"comment_status":"closed","ping_status":"closed","template":"","meta":{"ghostkit_customizer_options":"","ghostkit_custom_css":"","ghostkit_custom_js_head":"","ghostkit_custom_js_foot":"","ghostkit_typography":"","_coblocks_attr":"","_coblocks_dimensions":"","_coblocks_responsive_height":"","_coblocks_accordion_ie_support":""},"_links":{"self":[{"href":"https:\/\/www.ratisbonne.org.il\/es\/wp-json\/wp\/v2\/pages\/219"}],"collection":[{"href":"https:\/\/www.ratisbonne.org.il\/es\/wp-json\/wp\/v2\/pages"}],"about":[{"href":"https:\/\/www.ratisbonne.org.il\/es\/wp-json\/wp\/v2\/types\/page"}],"author":[{"embeddable":true,"href":"https:\/\/www.ratisbonne.org.il\/es\/wp-json\/wp\/v2\/users\/31"}],"replies":[{"embeddable":true,"href":"https:\/\/www.ratisbonne.org.il\/es\/wp-json\/wp\/v2\/comments?post=219"}],"version-history":[{"count":2,"href":"https:\/\/www.ratisbonne.org.il\/es\/wp-json\/wp\/v2\/pages\/219\/revisions"}],"predecessor-version":[{"id":242,"href":"https:\/\/www.ratisbonne.org.il\/es\/wp-json\/wp\/v2\/pages\/219\/revisions\/242"}],"up":[{"embeddable":true,"href":"https:\/\/www.ratisbonne.org.il\/es\/wp-json\/wp\/v2\/pages\/161"}],"wp:attachment":[{"href":"https:\/\/www.ratisbonne.org.il\/es\/wp-json\/wp\/v2\/media?parent=219"}],"curies":[{"name":"wp","href":"https:\/\/api.w.org\/{rel}","templated":true}]}}