{"id":2,"date":"2020-03-21T01:58:33","date_gmt":"2020-03-21T01:58:33","guid":{"rendered":"http:\/\/www.ratisbonne.org.il\/es\/?page_id=2"},"modified":"2020-03-29T08:07:12","modified_gmt":"2020-03-29T08:07:12","slug":"isps-historia-objetivo","status":"publish","type":"page","link":"https:\/\/www.ratisbonne.org.il\/es\/quien-somos\/isps-historia-objetivo\/","title":{"rendered":"Historia y objetivo del Instituto"},"content":{"rendered":"\n<p>El Instituto Saint-Pierre de Sion,\nconocido como &#8220;Ratisbonne&#8221;, fue fundado en Jerusal\u00e9n en el siglo XIX\npor los religiosos de Nuestra Se\u00f1ora de Sion. Su objetivo principal, en sus\ninicios, era operar una escuela profesional para satisfacer las necesidades de\nla poblaci\u00f3n local de Jerusal\u00e9n y sus alrededores, actividad que dur\u00f3 hasta\nmediados del siglo pasado. Respondiendo a las nuevas ense\u00f1anzas de la Iglesia,\nal final del Concilio Vaticano II, Ratisbonne se convirti\u00f3 en un Centro\nCristiano para Estudios Jud\u00edos bajo la direcci\u00f3n de los Hermanos de Nuestra\nSe\u00f1ora de Sion, en colaboraci\u00f3n con las Hermanas de Nuestra Se\u00f1ora de Sion y\notros maestros, ambos Jud\u00edos y cristianos. Por lo tanto, el objetivo del\nInstituto era poner en pr\u00e1ctica las recomendaciones de la Declaraci\u00f3n Conciliar\nNostra Aetate sobre la relaci\u00f3n entre la Iglesia y el pueblo jud\u00edo, y llevar a\ncabo sus directrices dentro de un entorno ecum\u00e9nico e internacional.<\/p>\n\n\n\n<p>En la actualidad, los Hermanos de\nSion, a trav\u00e9s de un acuerdo pasado, asumen todas las actividades del Instituto\nBat Kol. Este Instituto fue fundado por Hna. Maureena Fritz, hermana de Sion,\nquien durante varias d\u00e9cadas fue responsable de las actividades de Bat Kol. El\nnombre del Instituto Bat Kol se ha extendido a todos los continentes y ha\ncontribuido en gran medida a la formaci\u00f3n de cristianos sobre la importancia\ndel juda\u00edsmo y el pueblo jud\u00edo para comprender mejor la fe cristiana. En\nadelante, todas estas actividades continuar\u00e1n bajo la responsabilidad de los\nHermanos de Nuestra Se\u00f1ora de Sion, en el Instituto Saint-Pierre de Sion &#8211;\nRatisbonne y el nombre &#8216;Bat Kol&#8217; se integrar\u00e1 en el nombre ya existente del\nCentro Cristiano de Estudios Jud\u00edos. (Bat Kol-Centro Christian de Estudios\nJud\u00edos).<\/p>\n\n\n\n<p>El Instituto Saint-Pierre de Sion &#8211;\nRatisbonne est\u00e1 abierto a los cristianos que quieran conocer el juda\u00edsmo tal\ncomo se \u00e9l define a s\u00ed mismo. El prop\u00f3sito de los programas y actividades del\nInstituto es proporcionar a la Iglesia un lugar donde los cristianos puedan\nestudiar el juda\u00edsmo en contacto con el pueblo jud\u00edo en con su propia tierra,\nla Tierra de Israel. El \u00e9nfasis est\u00e1 en descubrir las fuentes jud\u00edas mediante\nel estudio de los textos fundamentales de la Tradici\u00f3n jud\u00eda y su\ninterpretaci\u00f3n. Como los documentos oficiales de la Iglesia han enfatizado\nrepetidamente desde el Concilio Vaticano II, el conocimiento del juda\u00edsmo es\nuna de las condiciones fundamentales para una mejor comprensi\u00f3n de la identidad\ncristiana.<\/p>\n\n\n\n<p><\/p>\n","protected":false},"excerpt":{"rendered":"<p>El Instituto Saint-Pierre de Sion, conocido como &#8220;Ratisbonne&#8221;, fue fundado en Jerusal\u00e9n en el siglo XIX por los religiosos de Nuestra Se\u00f1ora de Sion. Su objetivo principal, en sus inicios, era operar una escuela profesional para satisfacer las necesidades de la poblaci\u00f3n local de Jerusal\u00e9n y sus alrededores, actividad que dur\u00f3 hasta mediados del siglo [&hellip;]<\/p>\n","protected":false},"author":1,"featured_media":0,"parent":161,"menu_order":0,"comment_status":"closed","ping_status":"open","template":"","meta":{"ghostkit_customizer_options":"","ghostkit_custom_css":"","ghostkit_custom_js_head":"","ghostkit_custom_js_foot":"","ghostkit_typography":"","_coblocks_attr":"","_coblocks_dimensions":"","_coblocks_responsive_height":"","_coblocks_accordion_ie_support":""},"_links":{"self":[{"href":"https:\/\/www.ratisbonne.org.il\/es\/wp-json\/wp\/v2\/pages\/2"}],"collection":[{"href":"https:\/\/www.ratisbonne.org.il\/es\/wp-json\/wp\/v2\/pages"}],"about":[{"href":"https:\/\/www.ratisbonne.org.il\/es\/wp-json\/wp\/v2\/types\/page"}],"author":[{"embeddable":true,"href":"https:\/\/www.ratisbonne.org.il\/es\/wp-json\/wp\/v2\/users\/1"}],"replies":[{"embeddable":true,"href":"https:\/\/www.ratisbonne.org.il\/es\/wp-json\/wp\/v2\/comments?post=2"}],"version-history":[{"count":3,"href":"https:\/\/www.ratisbonne.org.il\/es\/wp-json\/wp\/v2\/pages\/2\/revisions"}],"predecessor-version":[{"id":241,"href":"https:\/\/www.ratisbonne.org.il\/es\/wp-json\/wp\/v2\/pages\/2\/revisions\/241"}],"up":[{"embeddable":true,"href":"https:\/\/www.ratisbonne.org.il\/es\/wp-json\/wp\/v2\/pages\/161"}],"wp:attachment":[{"href":"https:\/\/www.ratisbonne.org.il\/es\/wp-json\/wp\/v2\/media?parent=2"}],"curies":[{"name":"wp","href":"https:\/\/api.w.org\/{rel}","templated":true}]}}