{"id":165,"date":"2020-03-28T11:57:39","date_gmt":"2020-03-28T11:57:39","guid":{"rendered":"http:\/\/www.ratisbonne.org.il\/es\/?page_id=165"},"modified":"2022-08-11T12:16:00","modified_gmt":"2022-08-11T12:16:00","slug":"cursos","status":"publish","type":"page","link":"https:\/\/www.ratisbonne.org.il\/es\/cursos\/","title":{"rendered":"Cursos"},"content":{"rendered":"\n<p><strong><em>El Instituto Saint-Pierre de Sion &#8211; Ratisbonne<\/em><\/strong> est\u00e1 abierto a todos los cristianos que deseen estudiar el juda\u00edsmo, en particular a los que se dedican a estudios b\u00edblicos y teol\u00f3gicos, a los responsables de la educaci\u00f3n cristiana y a los que deseen prepararse para el di\u00e1logo con los jud\u00edos.<\/p>\n\n\n\n<p>Tierra de Israel &#8211; Viajes a Israel<br>Programa: Estudio-Visita<br>del 08 al 28 de enero de 2023<\/p>\n","protected":false},"excerpt":{"rendered":"<p>El Instituto Saint-Pierre de Sion &#8211; Ratisbonne est\u00e1 abierto a todos los cristianos que deseen estudiar el juda\u00edsmo, en particular a los que se dedican a estudios b\u00edblicos y teol\u00f3gicos, a los responsables de la educaci\u00f3n cristiana y a los que deseen prepararse para el di\u00e1logo con los jud\u00edos. Tierra de Israel &#8211; Viajes a [&hellip;]<\/p>\n","protected":false},"author":6,"featured_media":0,"parent":0,"menu_order":0,"comment_status":"closed","ping_status":"closed","template":"","meta":{"ghostkit_customizer_options":"","ghostkit_custom_css":"","ghostkit_custom_js_head":"","ghostkit_custom_js_foot":"","ghostkit_typography":"","_coblocks_attr":"","_coblocks_dimensions":"","_coblocks_responsive_height":"","_coblocks_accordion_ie_support":""},"_links":{"self":[{"href":"https:\/\/www.ratisbonne.org.il\/es\/wp-json\/wp\/v2\/pages\/165"}],"collection":[{"href":"https:\/\/www.ratisbonne.org.il\/es\/wp-json\/wp\/v2\/pages"}],"about":[{"href":"https:\/\/www.ratisbonne.org.il\/es\/wp-json\/wp\/v2\/types\/page"}],"author":[{"embeddable":true,"href":"https:\/\/www.ratisbonne.org.il\/es\/wp-json\/wp\/v2\/users\/6"}],"replies":[{"embeddable":true,"href":"https:\/\/www.ratisbonne.org.il\/es\/wp-json\/wp\/v2\/comments?post=165"}],"version-history":[{"count":3,"href":"https:\/\/www.ratisbonne.org.il\/es\/wp-json\/wp\/v2\/pages\/165\/revisions"}],"predecessor-version":[{"id":356,"href":"https:\/\/www.ratisbonne.org.il\/es\/wp-json\/wp\/v2\/pages\/165\/revisions\/356"}],"wp:attachment":[{"href":"https:\/\/www.ratisbonne.org.il\/es\/wp-json\/wp\/v2\/media?parent=165"}],"curies":[{"name":"wp","href":"https:\/\/api.w.org\/{rel}","templated":true}]}}