{"id":163,"date":"2020-03-28T11:56:00","date_gmt":"2020-03-28T11:56:00","guid":{"rendered":"http:\/\/www.ratisbonne.org.il\/es\/?page_id=163"},"modified":"2020-04-04T16:47:43","modified_gmt":"2020-04-04T16:47:43","slug":"recursos","status":"publish","type":"page","link":"https:\/\/www.ratisbonne.org.il\/es\/recursos\/","title":{"rendered":"Recursos"},"content":{"rendered":"<div data-colibri-id=\"163-c1\" class=\"style-412 style-local-163-c1 position-relative\">\n  <!----><\/p>\n<div data-colibri-component=\"section\" data-colibri-id=\"163-c2\" id=\"overlappable\" class=\"h-section h-section-global-spacing d-flex align-items-lg-center align-items-md-center align-items-center style-417 style-local-163-c2 position-relative\">\n    <!----><br \/>\n    <!----><\/p>\n<div class=\"h-section-grid-container h-section-boxed-container\">\n      <!----><\/p>\n<div data-colibri-id=\"163-c3\" class=\"h-row-container gutters-row-lg-0 gutters-row-md-0 gutters-row-0 gutters-row-v-lg-0 gutters-row-v-md-0 gutters-row-v-0 style-418 style-local-163-c3 position-relative\">\n        <!----><\/p>\n<div class=\"h-row justify-content-lg-center justify-content-md-center justify-content-center align-items-lg-stretch align-items-md-stretch align-items-stretch gutters-col-lg-0 gutters-col-md-0 gutters-col-0 gutters-col-v-lg-0 gutters-col-v-md-0 gutters-col-v-0\">\n          <!----><\/p>\n<div class=\"h-column h-column-container d-flex h-col-lg-auto h-col-md-auto h-col-auto style-419-outer style-local-163-c4-outer\">\n<div data-colibri-id=\"163-c4\" class=\"d-flex h-flex-basis h-column__inner h-ui-empty-state-container h-px-lg-0 h-px-md-0 h-px-0 v-inner-lg-0 v-inner-md-0 v-inner-0 style-419 style-local-163-c4 position-relative\">\n              <!----><br \/>\n              <!----><\/p>\n<div class=\"w-100 h-y-container h-column__content h-column__v-align flex-basis-100\">\n                <!---->\n              <\/div>\n<\/p><\/div>\n<\/p><\/div>\n<div class=\"h-column h-column-container d-flex h-col-lg-auto h-col-md-auto h-col-auto style-420-outer style-local-163-c5-outer\">\n<div data-colibri-id=\"163-c5\" class=\"d-flex h-flex-basis h-column__inner h-px-lg-2 h-px-md-2 h-px-2 v-inner-lg-2 v-inner-md-2 v-inner-2 style-420 style-local-163-c5 position-relative\">\n              <!----><br \/>\n              <!----><\/p>\n<div class=\"w-100 h-y-container h-column__content h-column__v-align flex-basis-100 align-self-lg-center align-self-md-center align-self-center\">\n                <!----><\/p>\n<div data-colibri-id=\"163-c6\" class=\"h-global-transition-all h-heading style-421 style-local-163-c6 position-relative h-element\">\n                  <!----><br \/>\n                  <!----><\/p>\n<h4 class=\"\">Dialogo Judeo Cristiano<\/h4>\n<\/p><\/div>\n<div data-colibri-id=\"163-c7\" class=\"h-text h-text-component style-422 style-local-163-c7 position-relative h-element\">\n                  <!----><br \/>\n                  <!----><\/p>\n<div class=\"\">\n<p><span style=\"color: black; font-family: Times; font-size: 11pt;\">&nbsp;\u201cLejos pues de sustituir a Israel, la Iglesia sigue siendo solidaria con \u00e9l. A los cristianos venidos de las naciones, el ap\u00f3stol Pablo les declara que han sido injertados en el olivo sano que es Israel<\/span>                      <span style=\"color: black; font-family: Times; font-size: 11pt;\">(Rm 11,16-17)<\/span><em style=\"color: black; font-family: TimesNewRomanPS-ItalicMT, serif; font-size: 10pt;\"> (El pueblo Jud\u00edo y sus Escrituras Sagradas en la Biblia Cristiana<\/em><br \/>\n                      <span\n                        style=\"color: black; font-family: TimesNewRomanPSMT, serif; font-size: 10pt;\">, n. 65). <\/span><span style=\"color: black; font-family: Times; font-size: 11pt;\"><br \/><\/span><\/p>\n<\/p><\/div>\n<\/p><\/div>\n<div data-colibri-id=\"163-c8\" class=\"h-x-container style-423 style-local-163-c8 position-relative h-element\">\n                  <!----><\/p>\n<div class=\"h-x-container-inner style-dynamic-163-c8-group style-423-spacing style-local-163-c8-spacing\"><span class=\"h-button__outer style-424-outer style-local-163-c9-outer d-inline-flex h-element\"><a h-use-smooth-scroll=\"true\" href=\"https:\/\/www.ratisbonne.org.il\/es\/recursos\/dialogo-judeo-cristiano\/\"  data-colibri-id=\"163-c9\" class=\"d-flex w-100 align-items-center h-button justify-content-lg-center justify-content-md-center justify-content-center style-424 style-local-163-c9 position-relative\"><!----><!----> <span>v\u00e9ase pagina<\/span><\/a><br \/>\n                    <\/span>\n                  <\/div>\n<\/p><\/div>\n<\/p><\/div>\n<\/p><\/div>\n<\/p><\/div>\n<div class=\"h-column h-column-container d-flex h-col-lg-auto h-col-md-auto h-col-auto style-420-outer style-local-163-c10-outer\">\n<div data-colibri-id=\"163-c10\" class=\"d-flex h-flex-basis h-column__inner h-px-lg-2 h-px-md-2 h-px-2 v-inner-lg-2 v-inner-md-2 v-inner-2 style-420 style-local-163-c10 position-relative\">\n              <!----><br \/>\n              <!----><\/p>\n<div class=\"w-100 h-y-container h-column__content h-column__v-align flex-basis-100 align-self-lg-center align-self-md-center align-self-center\">\n                <!----><\/p>\n<div data-colibri-id=\"163-c11\" class=\"h-global-transition-all h-heading style-421 style-local-163-c11 position-relative h-element\">\n                  <!----><br \/>\n                  <!----><\/p>\n<h4 class=\"\">Comentario Dominical<\/h4>\n<\/p><\/div>\n<div data-colibri-id=\"163-c12\" class=\"h-text h-text-component style-422 style-local-163-c12 position-relative h-element\">\n                  <!----><br \/>\n                  <!----><\/p>\n<div class=\"\">\n<p>El objetivo es presentar los comentarios sobre las lecturas dominicales de una manera sucinta y mostrar la relaci\u00f3n con la tradici\u00f3n jud\u00eda que es el entorno natural de la elaboraci\u00f3n de estos textos.<\/p>\n<\/p><\/div>\n<\/p><\/div>\n<div data-colibri-id=\"163-c13\" class=\"h-x-container style-423 style-local-163-c13 position-relative h-element\">\n                  <!----><\/p>\n<div class=\"h-x-container-inner style-dynamic-163-c13-group style-423-spacing style-local-163-c13-spacing\"><span class=\"h-button__outer style-424-outer style-local-163-c14-outer d-inline-flex h-element\"><a h-use-smooth-scroll=\"true\" href=\"https:\/\/www.ratisbonne.org.il\/es\/comentario-dominical\/\"  data-colibri-id=\"163-c14\" class=\"d-flex w-100 align-items-center h-button justify-content-lg-center justify-content-md-center justify-content-center style-424 style-local-163-c14 position-relative\"><!----><!----> <span>v\u00e9ase pagina<\/span><\/a><br \/>\n                    <\/span>\n                  <\/div>\n<\/p><\/div>\n<\/p><\/div>\n<\/p><\/div>\n<\/p><\/div>\n<div class=\"h-column h-column-container d-flex h-col-lg-auto h-col-md-auto h-col-auto style-425-outer style-local-163-c15-outer\">\n<div data-colibri-id=\"163-c15\" class=\"d-flex h-flex-basis h-column__inner h-ui-empty-state-container h-px-lg-0 h-px-md-0 h-px-0 v-inner-lg-0 v-inner-md-0 v-inner-0 style-425 style-local-163-c15 position-relative\">\n              <!----><br \/>\n              <!----><\/p>\n<div class=\"w-100 h-y-container h-column__content h-column__v-align flex-basis-100\">\n                <!---->\n              <\/div>\n<\/p><\/div>\n<\/p><\/div>\n<\/p><\/div>\n<\/p><\/div>\n<\/p><\/div>\n<\/p><\/div>\n<\/div>\n","protected":false},"excerpt":{"rendered":"<p>Dialogo Judeo Cristiano &nbsp;\u201cLejos pues de sustituir a Israel, la Iglesia sigue siendo solidaria con \u00e9l. A los cristianos venidos de las naciones, el ap\u00f3stol Pablo les declara que han sido injertados en el olivo sano que es Israel (Rm 11,16-17) (El pueblo Jud\u00edo y sus Escrituras Sagradas en la Biblia Cristiana , n. 65). [&hellip;]<\/p>\n","protected":false},"author":31,"featured_media":0,"parent":0,"menu_order":0,"comment_status":"closed","ping_status":"closed","template":"page-templates\/full-width-page.php","meta":{"ghostkit_customizer_options":"","ghostkit_custom_css":"","ghostkit_custom_js_head":"","ghostkit_custom_js_foot":"","ghostkit_typography":"","_coblocks_attr":"","_coblocks_dimensions":"","_coblocks_responsive_height":"","_coblocks_accordion_ie_support":""},"_links":{"self":[{"href":"https:\/\/www.ratisbonne.org.il\/es\/wp-json\/wp\/v2\/pages\/163"}],"collection":[{"href":"https:\/\/www.ratisbonne.org.il\/es\/wp-json\/wp\/v2\/pages"}],"about":[{"href":"https:\/\/www.ratisbonne.org.il\/es\/wp-json\/wp\/v2\/types\/page"}],"author":[{"embeddable":true,"href":"https:\/\/www.ratisbonne.org.il\/es\/wp-json\/wp\/v2\/users\/31"}],"replies":[{"embeddable":true,"href":"https:\/\/www.ratisbonne.org.il\/es\/wp-json\/wp\/v2\/comments?post=163"}],"version-history":[{"count":10,"href":"https:\/\/www.ratisbonne.org.il\/es\/wp-json\/wp\/v2\/pages\/163\/revisions"}],"predecessor-version":[{"id":326,"href":"https:\/\/www.ratisbonne.org.il\/es\/wp-json\/wp\/v2\/pages\/163\/revisions\/326"}],"wp:attachment":[{"href":"https:\/\/www.ratisbonne.org.il\/es\/wp-json\/wp\/v2\/media?parent=163"}],"curies":[{"name":"wp","href":"https:\/\/api.w.org\/{rel}","templated":true}]}}