{"id":161,"date":"2020-03-28T11:52:55","date_gmt":"2020-03-28T11:52:55","guid":{"rendered":"http:\/\/www.ratisbonne.org.il\/es\/?page_id=161"},"modified":"2020-03-28T16:28:49","modified_gmt":"2020-03-28T16:28:49","slug":"quien-somos","status":"publish","type":"page","link":"https:\/\/www.ratisbonne.org.il\/es\/quien-somos\/","title":{"rendered":"Qui\u00e9n somos"},"content":{"rendered":"<div data-colibri-id=\"161-c1\" class=\"style-385 style-local-161-c1 position-relative\">\n  <!----><\/p>\n<div data-colibri-component=\"section\" data-colibri-id=\"161-c2\" id=\"about\" class=\"h-section h-section-global-spacing d-flex align-items-lg-center align-items-md-center align-items-center style-386 style-local-161-c2 position-relative\">\n    <!----><br \/>\n    <!----><\/p>\n<div class=\"h-section-grid-container h-section-boxed-container\">\n      <!----><\/p>\n<div data-colibri-id=\"161-c3\" class=\"h-row-container gutters-row-lg-2 gutters-row-md-2 gutters-row-2 gutters-row-v-lg-2 gutters-row-v-md-2 gutters-row-v-2 style-387 style-local-161-c3 position-relative\">\n        <!----><\/p>\n<div class=\"h-row justify-content-lg-center justify-content-md-center justify-content-center align-items-lg-stretch align-items-md-stretch align-items-stretch gutters-col-lg-2 gutters-col-md-2 gutters-col-2 gutters-col-v-lg-2 gutters-col-v-md-2 gutters-col-v-2\">\n          <!----><\/p>\n<div class=\"h-column h-column-container d-flex h-col-lg-auto h-col-md-auto h-col-auto style-388-outer style-local-161-c4-outer\">\n<div data-colibri-id=\"161-c4\" class=\"d-flex h-flex-basis h-column__inner h-px-lg-2 h-px-md-2 h-px-2 v-inner-lg-2 v-inner-md-2 v-inner-2 style-388 style-local-161-c4 position-relative\">\n              <!----><br \/>\n              <!----><\/p>\n<div class=\"w-100 h-y-container h-column__content h-column__v-align flex-basis-100 align-self-lg-center align-self-md-center align-self-center\">\n                <!----><\/p>\n<div data-colibri-id=\"161-c5\" class=\"h-global-transition-all h-heading style-389 style-local-161-c5 position-relative h-element\">\n                  <!----><br \/>\n                  <!----><\/p>\n<h5 class=\"\">Ratisbonne<\/h5>\n<\/p><\/div>\n<div data-colibri-id=\"161-c6\" class=\"h-global-transition-all h-heading style-390 style-local-161-c6 position-relative h-element\">\n                  <!----><br \/>\n                  <!----><\/p>\n<h2 class=\"\">Instituto&nbsp;<em style=\"color: rgb(247, 144, 7); font-family: &quot;Playfair Display&quot;;\">Saint Pierre<\/em>&nbsp;de&nbsp;<em style=\"color: rgb(247, 144, 7); font-family: &quot;Playfair Display&quot;;\">Sion<\/em> <\/h2>\n<\/p><\/div>\n<div data-colibri-id=\"161-c7\" class=\"h-text h-text-component style-391 style-local-161-c7 position-relative h-element\">\n                  <!----><br \/>\n                  <!----><\/p>\n<div class=\"\">\n<p>El Instituto tiene por objeto aplicar las recomendaciones y elaborar la Declaraci\u00f3n Nostra Aetate sobre la relaci\u00f3n entre la Iglesia y el pueblo jud\u00edo.<\/p>\n<\/p><\/div>\n<\/p><\/div>\n<div data-colibri-id=\"161-c8\" class=\"h-x-container style-392 style-local-161-c8 position-relative h-element\">\n                  <!----><\/p>\n<div class=\"h-x-container-inner style-dynamic-161-c8-group style-392-spacing style-local-161-c8-spacing\"><span class=\"h-button__outer style-393-outer style-local-161-c9-outer d-inline-flex h-element\"><a h-use-smooth-scroll=\"true\" href=\"https:\/\/www.ratisbonne.org.il\/es\/quien-somos\/isps-historia-objetivo\/\"  data-colibri-id=\"161-c9\" class=\"d-flex w-100 align-items-center h-button justify-content-lg-center justify-content-md-center justify-content-center style-393 style-local-161-c9 position-relative\"><!----><!----> <span>Historia y objetivo<\/span><\/a><br \/>\n                    <\/span><span class=\"h-button__outer style-396-outer style-local-161-c12-outer d-inline-flex h-element\"><a h-use-smooth-scroll=\"true\" href=\"https:\/\/www.ratisbonne.org.il\/es\/quien-somos\/a-quien-se-dirige-el-instituto\/\"  data-colibri-id=\"161-c12\" class=\"d-flex w-100 align-items-center h-button justify-content-lg-center justify-content-md-center justify-content-center style-396 style-local-161-c12 position-relative\"><!----><!----> <span>\u00bfA qui\u00e9n se dirige?<\/span><\/a><br \/>\n                    <\/span>\n                  <\/div>\n<\/p><\/div>\n<\/p><\/div>\n<\/p><\/div>\n<\/p><\/div>\n<div class=\"h-column h-column-container d-flex h-col-lg-auto h-col-md-auto h-col-auto style-394-outer style-local-161-c10-outer\">\n<div data-colibri-id=\"161-c10\" class=\"d-flex h-flex-basis h-column__inner h-px-lg-2 h-px-md-2 h-px-2 v-inner-lg-2 v-inner-md-2 v-inner-2 style-394 style-local-161-c10 position-relative\">\n              <!----><br \/>\n              <!----><\/p>\n<div class=\"w-100 h-y-container h-column__content h-column__v-align flex-basis-100 align-self-lg-center align-self-md-center align-self-center\">\n                <!----><\/p>\n<div data-colibri-id=\"161-c11\" class=\"d-block style-395 style-local-161-c11 position-relative h-element\">\n                  <!----><\/p>\n<div class=\"h-image__frame-container-outer\">\n<div class=\"h-image__frame-container\">\n                      <!----><br \/>\n                      <!----><br \/>\n                      <img decoding=\"async\" loading=\"lazy\" width=\"329\" height=\"329\" src=\"https:\/\/www.ratisbonne.org.il\/es\/wp-content\/uploads\/sites\/4\/2020\/03\/cropped-cropped-Ratisbonne_Jerusalem.jpeg\" class=\"wp-image-225 style-395-image style-local-161-c11-image\" srcset=\"https:\/\/www.ratisbonne.org.il\/es\/wp-content\/uploads\/sites\/4\/2020\/03\/cropped-cropped-Ratisbonne_Jerusalem.jpeg 329w, https:\/\/www.ratisbonne.org.il\/es\/wp-content\/uploads\/sites\/4\/2020\/03\/cropped-cropped-Ratisbonne_Jerusalem-300x300.jpeg 300w, https:\/\/www.ratisbonne.org.il\/es\/wp-content\/uploads\/sites\/4\/2020\/03\/cropped-cropped-Ratisbonne_Jerusalem-150x150.jpeg 150w, https:\/\/www.ratisbonne.org.il\/es\/wp-content\/uploads\/sites\/4\/2020\/03\/cropped-cropped-Ratisbonne_Jerusalem-24x24.jpeg 24w, https:\/\/www.ratisbonne.org.il\/es\/wp-content\/uploads\/sites\/4\/2020\/03\/cropped-cropped-Ratisbonne_Jerusalem-32x32.jpeg 32w, https:\/\/www.ratisbonne.org.il\/es\/wp-content\/uploads\/sites\/4\/2020\/03\/cropped-cropped-Ratisbonne_Jerusalem-48x48.jpeg 48w, https:\/\/www.ratisbonne.org.il\/es\/wp-content\/uploads\/sites\/4\/2020\/03\/cropped-cropped-Ratisbonne_Jerusalem-96x96.jpeg 96w\" sizes=\"(max-width: 329px) 100vw, 329px\" \/><\/p>\n<div class=\"h-image__frame h-hide-sm style-395-frameImage style-local-161-c11-frameImage\"><\/div>\n<\/p><\/div>\n<\/p><\/div>\n<\/p><\/div>\n<\/p><\/div>\n<\/p><\/div>\n<\/p><\/div>\n<\/p><\/div>\n<\/p><\/div>\n<\/p><\/div>\n<\/p><\/div>\n<\/div>\n","protected":false},"excerpt":{"rendered":"<p>Ratisbonne Instituto&nbsp;Saint Pierre&nbsp;de&nbsp;Sion El Instituto tiene por objeto aplicar las recomendaciones y elaborar la Declaraci\u00f3n Nostra Aetate sobre la relaci\u00f3n entre la Iglesia y el pueblo jud\u00edo. Historia y objetivo \u00bfA qui\u00e9n se dirige?<\/p>\n","protected":false},"author":31,"featured_media":0,"parent":0,"menu_order":0,"comment_status":"closed","ping_status":"closed","template":"page-templates\/full-width-page.php","meta":{"ghostkit_customizer_options":"","ghostkit_custom_css":"","ghostkit_custom_js_head":"","ghostkit_custom_js_foot":"","ghostkit_typography":"","_coblocks_attr":"","_coblocks_dimensions":"","_coblocks_responsive_height":"","_coblocks_accordion_ie_support":""},"_links":{"self":[{"href":"https:\/\/www.ratisbonne.org.il\/es\/wp-json\/wp\/v2\/pages\/161"}],"collection":[{"href":"https:\/\/www.ratisbonne.org.il\/es\/wp-json\/wp\/v2\/pages"}],"about":[{"href":"https:\/\/www.ratisbonne.org.il\/es\/wp-json\/wp\/v2\/types\/page"}],"author":[{"embeddable":true,"href":"https:\/\/www.ratisbonne.org.il\/es\/wp-json\/wp\/v2\/users\/31"}],"replies":[{"embeddable":true,"href":"https:\/\/www.ratisbonne.org.il\/es\/wp-json\/wp\/v2\/comments?post=161"}],"version-history":[{"count":2,"href":"https:\/\/www.ratisbonne.org.il\/es\/wp-json\/wp\/v2\/pages\/161\/revisions"}],"predecessor-version":[{"id":227,"href":"https:\/\/www.ratisbonne.org.il\/es\/wp-json\/wp\/v2\/pages\/161\/revisions\/227"}],"wp:attachment":[{"href":"https:\/\/www.ratisbonne.org.il\/es\/wp-json\/wp\/v2\/media?parent=161"}],"curies":[{"name":"wp","href":"https:\/\/api.w.org\/{rel}","templated":true}]}}