{"id":101,"date":"2020-03-23T07:18:17","date_gmt":"2020-03-23T07:18:17","guid":{"rendered":"http:\/\/www.ratisbonne.org.il\/es\/?page_id=101"},"modified":"2020-03-29T08:14:55","modified_gmt":"2020-03-29T08:14:55","slug":"que-significa-decir-que-jesus-es-judio","status":"publish","type":"page","link":"https:\/\/www.ratisbonne.org.il\/es\/recursos\/que-significa-decir-que-jesus-es-judio\/","title":{"rendered":"\u00bfQu\u00e9 significa decir que Jes\u00fas es jud\u00edo?"},"content":{"rendered":"\n<p class=\"has-text-align-right\"><a href=\"https:\/\/www.ratisbonne.org.il\/es\/recursos\/\">Recursos<\/a><\/p>\n\n\n<p>Es principalmente debido a su origen hist\u00f3rico que la comunidad cristiana descubre sus v\u00ednculos con el pueblo jud\u00edo. De hecho, la persona en quien deposita su fe, Jes\u00fas de Nazaret, es \u00e9l mismo un hijo de ese pueblo. As\u00ed son los Doce a quienes eligi\u00f3 &#8220;estar con \u00e9l y ser enviado a proclamar el mensaje&#8221; (Mc 3,14). Al principio, la predicaci\u00f3n apost\u00f3lica se dirig\u00eda solo a jud\u00edos y pros\u00e9litos, paganos asociados con la comunidad jud\u00eda (cf. Hechos 2:11). El cristianismo, entonces, naci\u00f3 dentro del juda\u00edsmo del primer siglo.<\/p>\n<p><strong>\u00a0<\/strong><\/p>\n<p>Una manifestaci\u00f3n perenne de este v\u00ednculo a su comienzo es la aceptaci\u00f3n por parte de los cristianos de las Sagradas Escrituras del pueblo jud\u00edo, tal como la Palabra de Dios tambi\u00e9n se dirigi\u00f3 a ellos [1].<\/p>\n<p>Debido a esto, aquellos que consideran meros hechos culturales contingentes de que Jes\u00fas fue jud\u00edo y piensan que dicha informaci\u00f3n puede ser reemplazada por otra tradici\u00f3n religiosa sin que la persona de Jes\u00fas pierda su identidad, estas personas no solo ignoran el significado de la historia de la salvaci\u00f3n, pero atacan radicalmente la verdad real de la Encarnaci\u00f3n, evitando as\u00ed la enculturaci\u00f3n aut\u00e9ntica [2].<\/p>\n<p>[1] Pontificia Comisi\u00f3n B\u00edblica, <em>El pueblo jud\u00edo y sus sagradas Escrituras en la Biblia cristiana<\/em> (2001), n\u00ba 2.<\/p>\n<p>[2] Papa Juan Pablo II, Simposio sobre las Ra\u00edces del antijuda\u00edsmo, Roma, 31 de octubre, 1997.<\/p>","protected":false},"excerpt":{"rendered":"<p>Recursos Es principalmente debido a su origen hist\u00f3rico que la comunidad cristiana descubre sus v\u00ednculos con el pueblo jud\u00edo. De hecho, la persona en quien deposita su fe, Jes\u00fas de Nazaret, es \u00e9l mismo un hijo de ese pueblo. As\u00ed son los Doce a quienes eligi\u00f3 &#8220;estar con \u00e9l y ser enviado a proclamar el [&hellip;]<\/p>\n","protected":false},"author":1,"featured_media":0,"parent":163,"menu_order":0,"comment_status":"closed","ping_status":"closed","template":"","meta":{"ghostkit_customizer_options":"","ghostkit_custom_css":"","ghostkit_custom_js_head":"","ghostkit_custom_js_foot":"","ghostkit_typography":"","_coblocks_attr":"","_coblocks_dimensions":"","_coblocks_responsive_height":"","_coblocks_accordion_ie_support":""},"_links":{"self":[{"href":"https:\/\/www.ratisbonne.org.il\/es\/wp-json\/wp\/v2\/pages\/101"}],"collection":[{"href":"https:\/\/www.ratisbonne.org.il\/es\/wp-json\/wp\/v2\/pages"}],"about":[{"href":"https:\/\/www.ratisbonne.org.il\/es\/wp-json\/wp\/v2\/types\/page"}],"author":[{"embeddable":true,"href":"https:\/\/www.ratisbonne.org.il\/es\/wp-json\/wp\/v2\/users\/1"}],"replies":[{"embeddable":true,"href":"https:\/\/www.ratisbonne.org.il\/es\/wp-json\/wp\/v2\/comments?post=101"}],"version-history":[{"count":4,"href":"https:\/\/www.ratisbonne.org.il\/es\/wp-json\/wp\/v2\/pages\/101\/revisions"}],"predecessor-version":[{"id":246,"href":"https:\/\/www.ratisbonne.org.il\/es\/wp-json\/wp\/v2\/pages\/101\/revisions\/246"}],"up":[{"embeddable":true,"href":"https:\/\/www.ratisbonne.org.il\/es\/wp-json\/wp\/v2\/pages\/163"}],"wp:attachment":[{"href":"https:\/\/www.ratisbonne.org.il\/es\/wp-json\/wp\/v2\/media?parent=101"}],"curies":[{"name":"wp","href":"https:\/\/api.w.org\/{rel}","templated":true}]}}